{"id":12,"date":"2018-05-24T09:34:25","date_gmt":"2018-05-24T09:34:25","guid":{"rendered":"http:\/\/restaurantemperador.com\/?page_id=12"},"modified":"2020-04-19T10:28:45","modified_gmt":"2020-04-19T10:28:45","slug":"una-seccion-de-la-pagina-de-inicio","status":"publish","type":"page","link":"https:\/\/restaurantemperador.com\/?page_id=12","title":{"rendered":"D\u00edas especiales"},"content":{"rendered":"<p><strong>Martes\u00a0<\/strong><br \/>\nFideu\u00e1 de la casa acompa\u00f1ada con sangria.<\/p>\n<p><strong>Jueves<\/strong><br \/>\nPrueba nuestra paella especial del chef acompa\u00f1ada con cava.<\/p>\n<p><strong>Viernes<\/strong><br \/>\nMen\u00fa nocturno con baile<\/p>\n<p><strong>Otros<br \/>\n<\/strong>Descuento en el men\u00fa diario para jubilados (acreditar)<\/p>\n","protected":false},"excerpt":{"rendered":"<p>Martes\u00a0 Fideu\u00e1 de la casa acompa\u00f1ada con sangria. Jueves Prueba nuestra paella especial del chef acompa\u00f1ada con cava. Viernes Men\u00fa nocturno con baile Otros Descuento en el men\u00fa diario para jubilados (acreditar)<\/p>\n","protected":false},"author":1,"featured_media":42,"parent":0,"menu_order":0,"comment_status":"closed","ping_status":"closed","template":"","meta":{"_mi_skip_tracking":false,"_exactmetrics_sitenote_active":false,"_exactmetrics_sitenote_note":"","_exactmetrics_sitenote_category":0,"footnotes":""},"_links":{"self":[{"href":"https:\/\/restaurantemperador.com\/index.php?rest_route=\/wp\/v2\/pages\/12"}],"collection":[{"href":"https:\/\/restaurantemperador.com\/index.php?rest_route=\/wp\/v2\/pages"}],"about":[{"href":"https:\/\/restaurantemperador.com\/index.php?rest_route=\/wp\/v2\/types\/page"}],"author":[{"embeddable":true,"href":"https:\/\/restaurantemperador.com\/index.php?rest_route=\/wp\/v2\/users\/1"}],"replies":[{"embeddable":true,"href":"https:\/\/restaurantemperador.com\/index.php?rest_route=%2Fwp%2Fv2%2Fcomments&post=12"}],"version-history":[{"count":5,"href":"https:\/\/restaurantemperador.com\/index.php?rest_route=\/wp\/v2\/pages\/12\/revisions"}],"predecessor-version":[{"id":142,"href":"https:\/\/restaurantemperador.com\/index.php?rest_route=\/wp\/v2\/pages\/12\/revisions\/142"}],"wp:featuredmedia":[{"embeddable":true,"href":"https:\/\/restaurantemperador.com\/index.php?rest_route=\/wp\/v2\/media\/42"}],"wp:attachment":[{"href":"https:\/\/restaurantemperador.com\/index.php?rest_route=%2Fwp%2Fv2%2Fmedia&parent=12"}],"curies":[{"name":"wp","href":"https:\/\/api.w.org\/{rel}","templated":true}]}}