{"id":3,"date":"2018-05-24T09:28:20","date_gmt":"2018-05-24T09:28:20","guid":{"rendered":"http:\/\/restaurantemperador.com\/?page_id=3"},"modified":"2018-05-24T19:31:57","modified_gmt":"2018-05-24T19:31:57","slug":"politica-privacidad","status":"publish","type":"page","link":"https:\/\/restaurantemperador.com\/?page_id=3","title":{"rendered":"Pol\u00edtica de privacidad"},"content":{"rendered":"<div class=\"privacy-text-box-head\">\n<h2>Introducci\u00f3n<\/h2>\n<\/div>\n<div class=\"privacy-text-box-body\">\n<div class=\"privacy-text-section\">\n<div class=\"policy-text\">\n<div class=\"wp-suggested-text\">\n<h2>Qui\u00e9nes somos<\/h2>\n<p>Nuestro nombre es Bar Restaurante Emperador<\/p>\n<p>La direcci\u00f3n de nuestra web es: http:\/\/www.restaurantemperador.com\/ estamos en calle Segura 2-4, 43882 Segur de Calafell (Tarragona)<br \/>\nTel\u00e9fonos de contacto 977162550 y 647520421<\/p>\n<h3>Cookies<\/h3>\n<p>Este sitio web utiliza cookies propias y de terceros as\u00ed como de Google Analytics para analizar las visitas y actividad de los usuarios. Cualquier acci\u00f3n que no sea el bloqueo de las mismas implica el consentimiento para su uso. La aplicaci\u00f3n anterior grabar\u00e1 asimismo una cookie para mantener sus preferencias.<\/p>\n<p>Cookie\u00a0es un fichero que se descarga en su ordenador al acceder a determinadas p\u00e1ginas web. Las cookies permiten a una p\u00e1gina web, entre otras cosas, almacenar y recuperar informaci\u00f3n sobre los h\u00e1bitos de navegaci\u00f3n de un usuario o de su equipo y, dependiendo de la informaci\u00f3n que contengan y de la forma en que utilice su equipo, pueden utilizarse para reconocer al usuario. El navegador del usuario memoriza cookies en el disco duro solamente durante la sesi\u00f3n actual ocupando un espacio de memoria m\u00ednimo y no perjudicando al ordenador. Las cookies no contienen ninguna clase de informaci\u00f3n personal espec\u00edfica, y la mayor\u00eda de las mismas se borran del disco duro al finalizar la sesi\u00f3n de navegador (las denominadas cookies de sesi\u00f3n).<\/p>\n<p>La mayor\u00eda de los navegadores aceptan como est\u00e1ndar a las cookies y, con independencia de las mismas, permiten o impiden en los ajustes de seguridad las cookies temporales o memorizadas.<\/p>\n<h3>Contenido incrustado de otros sitios web<\/h3>\n<p>Los art\u00edculos de este sitio pueden incluir contenido incrustado (por ejemplo, v\u00eddeos, im\u00e1genes, art\u00edculos, etc.). El contenido incrustado de otras web se comporta exactamente de la misma manera que si el visitante hubiera visitado la otra web.<\/p>\n<p>Estas web pueden recopilar datos sobre ti, utilizar cookies, incrustar un seguimiento adicional de terceros, y supervisar tu interacci\u00f3n con ese contenido incrustado, incluido el seguimiento de su interacci\u00f3n con el contenido incrustado si tienes una cuenta y est\u00e1s conectado a esa web.<\/p>\n<h3>Anal\u00edtica<\/h3>\n<p class=\"privacy-policy-tutorial\">Esta p\u00e1gina web utiliza Google Analytics, un servicio anal\u00edtico de web prestado por Google, Inc., una compa\u00f1\u00eda de Delaware cuya oficina principal est\u00e1 en 1600 Amphitheatre Parkway, Mountain View (California), CA 94043, Estados Unidos (\u201cGoogle\u201d). Google Analytics utiliza \u201ccookies\u201d, que son archivos de texto ubicados en su ordenador, para ayudar al website a analizar el uso que hacen los usuarios del sitio web. La informaci\u00f3n que genera la cookie acerca de su uso del website (incluyendo su direcci\u00f3n IP) ser\u00e1 directamente transmitida y archivada por Google en los servidores de Estados Unidos. Google usar\u00e1 esta informaci\u00f3n por cuenta nuestra con el prop\u00f3sito de seguir la pista de su uso del website, recopilando informes de la actividad del website y prestando otros servicios relacionados con la actividad del website y el uso de Internet. Google podr\u00e1 transmitir dicha informaci\u00f3n a terceros cuando as\u00ed se lo requiera la legislaci\u00f3n, o cuando dichos terceros procesen la informaci\u00f3n por cuenta de Google. Google no asociar\u00e1 su direcci\u00f3n IP con ning\u00fan otro dato del que disponga Google. Puede Usted rechazar el tratamiento de los datos o la informaci\u00f3n rechazando el uso de cookies mediante la selecci\u00f3n de la configuraci\u00f3n apropiada de su navegador, sin embargo, debe Usted saber que si lo hace puede ser que no pueda usar la plena funcionalidad de este website. Al utilizar este website Usted consiente el tratamiento de la informaci\u00f3n por Google en la forma y para los fines arriba indicados.<\/p>\n<h2>Con qui\u00e9n compartimos tus datos<\/h2>\n<p class=\"privacy-policy-tutorial\">Por defecto, Bar Restaurante Emperador no comparte ning\u00fan dato personal.<\/p>\n<h2>Tu informaci\u00f3n de contacto<\/h2>\n<p class=\"privacy-policy-tutorial\">Unicamente utilizamos tu correo electronico para responder a los mismos.<\/p>\n<\/div>\n<\/div>\n<\/div>\n<\/div>\n","protected":false},"excerpt":{"rendered":"<p>Introducci\u00f3n Qui\u00e9nes somos Nuestro nombre es Bar Restaurante Emperador La direcci\u00f3n de nuestra web es: http:\/\/www.restaurantemperador.com\/ estamos en calle Segura 2-4, 43882 Segur de Calafell (Tarragona) Tel\u00e9fonos de contacto 977162550 y 647520421 Cookies Este sitio web utiliza cookies propias y de terceros as\u00ed como de Google Analytics para analizar las visitas y actividad de los &hellip; <\/p>\n<p class=\"link-more\"><a href=\"https:\/\/restaurantemperador.com\/?page_id=3\" class=\"more-link\">Continuar leyendo<span class=\"screen-reader-text\"> \u00abPol\u00edtica de privacidad\u00bb<\/span><\/a><\/p>\n","protected":false},"author":1,"featured_media":0,"parent":0,"menu_order":0,"comment_status":"closed","ping_status":"open","template":"","meta":{"_mi_skip_tracking":false,"_exactmetrics_sitenote_active":false,"_exactmetrics_sitenote_note":"","_exactmetrics_sitenote_category":0,"footnotes":""},"_links":{"self":[{"href":"https:\/\/restaurantemperador.com\/index.php?rest_route=\/wp\/v2\/pages\/3"}],"collection":[{"href":"https:\/\/restaurantemperador.com\/index.php?rest_route=\/wp\/v2\/pages"}],"about":[{"href":"https:\/\/restaurantemperador.com\/index.php?rest_route=\/wp\/v2\/types\/page"}],"author":[{"embeddable":true,"href":"https:\/\/restaurantemperador.com\/index.php?rest_route=\/wp\/v2\/users\/1"}],"replies":[{"embeddable":true,"href":"https:\/\/restaurantemperador.com\/index.php?rest_route=%2Fwp%2Fv2%2Fcomments&post=3"}],"version-history":[{"count":7,"href":"https:\/\/restaurantemperador.com\/index.php?rest_route=\/wp\/v2\/pages\/3\/revisions"}],"predecessor-version":[{"id":95,"href":"https:\/\/restaurantemperador.com\/index.php?rest_route=\/wp\/v2\/pages\/3\/revisions\/95"}],"wp:attachment":[{"href":"https:\/\/restaurantemperador.com\/index.php?rest_route=%2Fwp%2Fv2%2Fmedia&parent=3"}],"curies":[{"name":"wp","href":"https:\/\/api.w.org\/{rel}","templated":true}]}}