{"id":8,"date":"2018-05-24T09:34:25","date_gmt":"2018-05-24T09:34:25","guid":{"rendered":"http:\/\/restaurantemperador.com\/?page_id=8"},"modified":"2018-05-24T09:40:33","modified_gmt":"2018-05-24T09:40:33","slug":"bienvenidos","status":"publish","type":"page","link":"https:\/\/restaurantemperador.com\/","title":{"rendered":"Bienvenidos"},"content":{"rendered":"<p>Estamos situados en un pueblo costero a pocos metros de la playa, donde podr\u00e1 saborear una amplia selecci\u00f3n de platos y tapas. Le invitamos a degustar especialidades como nuestras paellas, fideu\u00e1s y carnes.<\/p>\n<p>Tenemos men\u00fa diario y de fin de semana. Organizamos bodas, bautizos, cenas de empresa, cumplea\u00f1os y cualquier evento que se necesite.<\/p>\n<p>Local climatizado y sin problemas de aparcamiento.<\/p>\n","protected":false},"excerpt":{"rendered":"<p>Estamos situados en un pueblo costero a pocos metros de la playa, donde podr\u00e1 saborear una amplia selecci\u00f3n de platos y tapas. Le invitamos a degustar especialidades como nuestras paellas, fideu\u00e1s y carnes. Tenemos men\u00fa diario y de fin de semana. Organizamos bodas, bautizos, cenas de empresa, cumplea\u00f1os y cualquier evento que se necesite. Local &hellip; <\/p>\n<p class=\"link-more\"><a href=\"https:\/\/restaurantemperador.com\/\" class=\"more-link\">Continuar leyendo<span class=\"screen-reader-text\"> \u00abBienvenidos\u00bb<\/span><\/a><\/p>\n","protected":false},"author":1,"featured_media":0,"parent":0,"menu_order":1,"comment_status":"closed","ping_status":"closed","template":"","meta":{"_mi_skip_tracking":false,"_exactmetrics_sitenote_active":false,"_exactmetrics_sitenote_note":"","_exactmetrics_sitenote_category":0,"footnotes":""},"_links":{"self":[{"href":"https:\/\/restaurantemperador.com\/index.php?rest_route=\/wp\/v2\/pages\/8"}],"collection":[{"href":"https:\/\/restaurantemperador.com\/index.php?rest_route=\/wp\/v2\/pages"}],"about":[{"href":"https:\/\/restaurantemperador.com\/index.php?rest_route=\/wp\/v2\/types\/page"}],"author":[{"embeddable":true,"href":"https:\/\/restaurantemperador.com\/index.php?rest_route=\/wp\/v2\/users\/1"}],"replies":[{"embeddable":true,"href":"https:\/\/restaurantemperador.com\/index.php?rest_route=%2Fwp%2Fv2%2Fcomments&post=8"}],"version-history":[{"count":3,"href":"https:\/\/restaurantemperador.com\/index.php?rest_route=\/wp\/v2\/pages\/8\/revisions"}],"predecessor-version":[{"id":30,"href":"https:\/\/restaurantemperador.com\/index.php?rest_route=\/wp\/v2\/pages\/8\/revisions\/30"}],"wp:attachment":[{"href":"https:\/\/restaurantemperador.com\/index.php?rest_route=%2Fwp%2Fv2%2Fmedia&parent=8"}],"curies":[{"name":"wp","href":"https:\/\/api.w.org\/{rel}","templated":true}]}}